{"id":289,"date":"2016-02-15T23:21:33","date_gmt":"2016-02-15T23:21:33","guid":{"rendered":"http:\/\/trimx.ch\/?page_id=289"},"modified":"2023-01-31T19:40:36","modified_gmt":"2023-01-31T19:40:36","slug":"links","status":"publish","type":"page","link":"https:\/\/trimx.ch\/?page_id=289","title":{"rendered":"Links"},"content":{"rendered":"<h4><strong>Tauchverband<\/strong><\/h4>\n<p><a href=\"http:\/\/www.cmas.ch\" target=\"_blank\" rel=\"noopener\">www.cmas.ch<\/a><\/p>\n<h4><strong>Technisches Tauchen<\/strong><\/h4>\n<p><a href=\"http:\/\/www.hhssoftware.com\" target=\"_blank\" rel=\"noopener\">www.hhssoftware.com<\/a> V-Planer Dekompressionsprogramm<\/p>\n<h4><strong>Tauchmedizin<\/strong><\/h4>\n<p><a href=\"http:\/\/www.suhms.org\" target=\"_blank\" rel=\"noopener\">www.suhms.org<\/a> Schweizerische Gesellschaft f\u00fcr Unterwasser- und Hyperbarmedizin<\/p>\n<p><a href=\"http:\/\/www.gtuem.org\" target=\"_blank\" rel=\"noopener\">www.gtuem.org<\/a> Gesellschaft f\u00fcr Tauch- und \u00dcberdruckmedizin<\/p>\n<p><a href=\"http:\/\/www.daneurope.org\" target=\"_blank\" rel=\"noopener\">www.daneurope.org<\/a> Divers Alert Network<\/p>\n<p><a href=\"http:\/\/www.ftu.ch\" target=\"_blank\" rel=\"noopener\">www.ftu.ch<\/a> Fachstelle f\u00fcr Tauchunfallverh\u00fctung<\/p>\n<p><a href=\"http:\/\/www.btsv.de\" target=\"_blank\" rel=\"noopener\">www.btsv.de<\/a> Druckkammer \u00dcberlingen<\/p>\n<h4><strong>Gesundheit\u00a0<\/strong><\/h4>\n<p><a href=\"https:\/\/chiropraktikmontalin.ch\/\">www.chiropraktikmontalin.ch<\/a> \u00a0 Familien-Chiropraktik Montalin<\/p>\n<h4><strong>Rund ums Tauchen<\/strong><\/h4>\n<p><a href=\"https:\/\/www.safetycenter.ch\/gefahrstoff-gut\/gefahrgutumschliessungen\/druckgefaesse\/inspektion-tauchflaschen\" target=\"_blank\" rel=\"noopener\">www.safetycenter.ch<\/a> (Pr\u00fcfstelle f\u00fcr Tauchger\u00e4te)<\/p>\n<p><a href=\"http:\/\/www.bfu.ch\/sites\/assets\/Shop\/bfu_3.086.01_Checkliste%20Tauchausr%C3%BCstung%20%E2%80%93%20Checkliste%20Reiseapotheke.pdf\" target=\"_blank\" rel=\"noopener\">BFU &#8211; Checkliste Reiseapotheke &#8211; Checkliste Tauchausr\u00fcstung<\/a><\/p>\n<h4><strong>Rettungsflugwacht<\/strong><\/h4>\n<p><a href=\"http:\/\/www.rega.ch\" target=\"_blank\" rel=\"noopener\">www.rega.ch<\/a><\/p>\n<h4><strong>Tauchclubs<\/strong><\/h4>\n<p><a href=\"http:\/\/www.tauchclub-octopus.ch\/\" target=\"_blank\" rel=\"noopener\">Tauchclub Octopus Sarganserland<\/a><\/p>\n<p><a href=\"https:\/\/www.salvataggiosublocarno.ch\/\" target=\"_blank\" rel=\"noopener\">Salvataggio Sub Locarno<\/a><\/p>\n<h4><strong>Material<\/strong><\/h4>\n<p><a href=\"https:\/\/scubatrading.ch\/\">https:\/\/scubatrading.ch<\/a>\u00a0 \u00a0Tauchlampen (SCALEO) \/ Akkutanks (WAM)<\/p>\n<p><a href=\"https:\/\/drysuitexpress.ch\">https:\/\/drysuitexpress.ch\u00a0<\/a> Trocki-Reparaturen &amp; Modifikationen\u00a0<\/p>\n<p><a href=\"https:\/\/www.sftech.ch\" target=\"_blank\" rel=\"noopener\">https:\/\/www.sftech.ch<\/a>\u00a0 Anz\u00fcge, Unterzieher, Heizung<\/p>\n\n\n<p><\/p>\n","protected":false},"excerpt":{"rendered":"<p>Tauchverband www.cmas.ch Technisches Tauchen www.hhssoftware.com V-Planer Dekompressionsprogramm Tauchmedizin www.suhms.org Schweizerische Gesellschaft f\u00fcr Unterwasser- und Hyperbarmedizin www.gtuem.org Gesellschaft f\u00fcr Tauch- und \u00dcberdruckmedizin www.daneurope.org [&hellip;]<\/p>\n","protected":false},"author":1,"featured_media":0,"parent":0,"menu_order":0,"comment_status":"closed","ping_status":"closed","template":"","meta":{"footnotes":""},"class_list":["post-289","page","type-page","status-publish","hentry"],"_links":{"self":[{"href":"https:\/\/trimx.ch\/index.php?rest_route=\/wp\/v2\/pages\/289","targetHints":{"allow":["GET"]}}],"collection":[{"href":"https:\/\/trimx.ch\/index.php?rest_route=\/wp\/v2\/pages"}],"about":[{"href":"https:\/\/trimx.ch\/index.php?rest_route=\/wp\/v2\/types\/page"}],"author":[{"embeddable":true,"href":"https:\/\/trimx.ch\/index.php?rest_route=\/wp\/v2\/users\/1"}],"replies":[{"embeddable":true,"href":"https:\/\/trimx.ch\/index.php?rest_route=%2Fwp%2Fv2%2Fcomments&post=289"}],"version-history":[{"count":19,"href":"https:\/\/trimx.ch\/index.php?rest_route=\/wp\/v2\/pages\/289\/revisions"}],"predecessor-version":[{"id":1980,"href":"https:\/\/trimx.ch\/index.php?rest_route=\/wp\/v2\/pages\/289\/revisions\/1980"}],"wp:attachment":[{"href":"https:\/\/trimx.ch\/index.php?rest_route=%2Fwp%2Fv2%2Fmedia&parent=289"}],"curies":[{"name":"wp","href":"https:\/\/api.w.org\/{rel}","templated":true}]}}