{"id":296,"date":"2016-02-16T22:16:08","date_gmt":"2016-02-16T22:16:08","guid":{"rendered":"http:\/\/trimx.ch\/?page_id=296"},"modified":"2022-02-12T11:22:27","modified_gmt":"2022-02-12T11:22:27","slug":"impressum","status":"publish","type":"page","link":"https:\/\/trimx.ch\/?page_id=296","title":{"rendered":"Impressum"},"content":{"rendered":"<div class=\"entry-content\">\n<p><strong>Kontaktadresse<br \/>\n<\/strong>Tauchschule trimX<br \/>\nVia Calanda 1<br \/>\nCH-7013 Domat \/ Ems<br \/>\nSchweiz<br \/>\n<a href=\"javascript:secureDecryptAndNavigate('2NI1\/bWERRiotBwMwi8GyI8W\/beBw7qYHhogMmhgakVszVWrHfuqjPqrcHK4zGcKLeWWt0DFRZiDvlEOuSaTilFmc41KUJ\/J7aWvGtU=', '60e8fcb19ba528649ea7da3de71c0e43eefea50bc014e7200da87f57a2ffc8a2')\">c&#108;&#97;&#117;&#100;&#105;&#111;.h&#117;de&#114;&#64;t&#114;im&#120;.&#99;&#104;<\/a><\/p>\n<p>&nbsp;<\/p>\n<p><strong>Vertretungsberechtigte Personen<br \/>\n<\/strong>Vorstand: Martin Buchwalder, Urs Cadruvi und Claudio Huder<\/p>\n<p><strong>Haftungsausschluss<br \/>\n<\/strong>Der Autor \u00fcbernimmt keinerlei Gew\u00e4hr hinsichtlich der&nbsp; inhaltlichen Richtigkeit, Genauigkeit, Aktualit\u00e4t, Zuverl\u00e4ssigkeit und&nbsp; Vollst\u00e4ndigkeit der Informationen.<\/p>\n<p>Haftungsanspr\u00fcche gegen den Autor wegen Sch\u00e4den materieller&nbsp; oder immaterieller Art, welche aus dem Zugriff oder der Nutzung bzw.&nbsp; Nichtnutzung der ver\u00f6ffentlichten Informationen, durch Missbrauch der&nbsp; Verbindung oder durch technische St\u00f6rungen entstanden sind, werden&nbsp; ausgeschlossen.<br \/>\nAlle&nbsp; Angebote sind unverbindlich. Der Autor beh\u00e4lt es sich ausdr\u00fccklich vor, Teile&nbsp; der Seiten oder das gesamte Angebot ohne gesonderte Ank\u00fcndigung zu ver\u00e4ndern,&nbsp; zu erg\u00e4nzen, zu l\u00f6schen oder die Ver\u00f6ffentlichung zeitweise oder endg\u00fcltig&nbsp; einzustellen.<\/p>\n<p><strong>Haftung f\u00fcr Links<br \/>\n<\/strong>Verweise und Links auf Webseiten&nbsp;Dritter liegen ausserhalb des Verantwortungsbereichs des Autors. Es wird jegliche Verantwortung f\u00fcr solche Webseiten abgelehnt. Der Zugriff und die Nutzung solcher Webseiten erfolgen auf eigene Gefahr.<\/p>\n<p><strong>Urheberrechte<br \/>\n<\/strong>Die Urheber- und alle anderen Rechte an Inhalten, Bildern, Fotos oder anderen Dateien auf der Website geh\u00f6ren ausschliesslich der Tauchschule trimX oder den speziell genannten&nbsp; Rechtsinhabern. F\u00fcr die Reproduktion jeglicher Elemente ist die schriftliche Zustimmung der Urheberrechtstr\u00e4ger im Voraus einzuholen.<\/p>\n<p><strong>Datenschutz<br \/>\n<\/strong>Gest\u00fctzt auf Artikel 13 der schweizerischen Bundesverfassung&nbsp; und die datenschutzrechtlichen Bestimmungen des Bundes (Datenschutzgesetz, DSG)&nbsp; hat jede Person Anspruch auf Schutz ihrer Privatsph\u00e4re sowie auf Schutz vor&nbsp;Missbrauch ihrer pers\u00f6nlichen Daten. Wir halten diese Bestimmungen ein.&nbsp; Pers\u00f6nliche Daten werden streng vertraulich behandelt und weder an Dritte verkauft noch weiter gegeben.<\/p>\n<p>In enger Zusammenarbeit mit unseren Hosting-Providern bem\u00fchen wir uns, die Datenbanken so gut wie m\u00f6glich vor fremden Zugriffen, Verlusten,&nbsp; Missbr\u00e4uchen oder vor F\u00e4lschung zu sch\u00fctzen.<\/p>\n<p>Beim Zugriff auf unsere Webseiten werden folgende Daten in Logfiles gespeichert: IP-Adresse, Datum, Uhrzeit, Browser-Anfrage und allg.&nbsp;\u00fcbertragene Informationen zum Betriebssystem resp. Browser. Diese Nutzungsdaten bilden die Basis f\u00fcr statistische, anonyme Auswertungen, so dass Trends&nbsp; erkennbar sind, anhand derer wir unsere Angebote entsprechend verbessern&nbsp; k\u00f6nnen.<\/p>\n<\/div>\n","protected":false},"excerpt":{"rendered":"<p>Kontaktadresse Tauchschule trimX Via Calanda 1 CH-7013 Domat \/ Ems Schweiz c&#108;&#97;&#117;&#100;&#105;o.&#104;&#117;&#100;er&#64;&#116;&#114;&#105;mx&#46;c&#104; &nbsp; Vertretungsberechtigte Personen Vorstand: Martin Buchwalder, Urs Cadruvi und Claudio [&hellip;]<\/p>\n","protected":false},"author":3,"featured_media":0,"parent":0,"menu_order":0,"comment_status":"closed","ping_status":"closed","template":"","meta":{"footnotes":""},"class_list":["post-296","page","type-page","status-publish","hentry"],"_links":{"self":[{"href":"https:\/\/trimx.ch\/index.php?rest_route=\/wp\/v2\/pages\/296","targetHints":{"allow":["GET"]}}],"collection":[{"href":"https:\/\/trimx.ch\/index.php?rest_route=\/wp\/v2\/pages"}],"about":[{"href":"https:\/\/trimx.ch\/index.php?rest_route=\/wp\/v2\/types\/page"}],"author":[{"embeddable":true,"href":"https:\/\/trimx.ch\/index.php?rest_route=\/wp\/v2\/users\/3"}],"replies":[{"embeddable":true,"href":"https:\/\/trimx.ch\/index.php?rest_route=%2Fwp%2Fv2%2Fcomments&post=296"}],"version-history":[{"count":7,"href":"https:\/\/trimx.ch\/index.php?rest_route=\/wp\/v2\/pages\/296\/revisions"}],"predecessor-version":[{"id":1928,"href":"https:\/\/trimx.ch\/index.php?rest_route=\/wp\/v2\/pages\/296\/revisions\/1928"}],"wp:attachment":[{"href":"https:\/\/trimx.ch\/index.php?rest_route=%2Fwp%2Fv2%2Fmedia&parent=296"}],"curies":[{"name":"wp","href":"https:\/\/api.w.org\/{rel}","templated":true}]}}