{"id":45,"date":"2016-02-13T11:09:05","date_gmt":"2016-02-13T11:09:05","guid":{"rendered":"http:\/\/trimx.ch\/?page_id=45"},"modified":"2025-03-30T12:26:41","modified_gmt":"2025-03-30T12:26:41","slug":"team","status":"publish","type":"page","link":"https:\/\/trimx.ch\/?page_id=45","title":{"rendered":"Team"},"content":{"rendered":"\n<figure class=\"wp-block-image\"><img decoding=\"async\" src=\"http:\/\/trimx.ch\/wp\/wp-content\/uploads\/2016\/02\/Buwa-300x200.jpg\" alt=\"Buwa\"\/><\/figure>\n\n\n\n<p><a href=\"https:\/\/www.facebook.com\/martin.buchwalder\" data-type=\"URL\" data-id=\"https:\/\/www.facebook.com\/martin.buchwalder\">Martin Buchwalder<\/a>, CMAS I4-Instruktor, <a href=\"javascript:secureDecryptAndNavigate('JfuD8cdAWg2JDYXv6vG7ojGP70ITttLx8CSeffQDyGX68+ma2svFn9AEDrcPpxFmv3TMKDQaM0zqhBhN99CjR7ZqRWavD9h\/yinwv5Q1nn+r', '60e8fcb19ba528649ea7da3de71c0e43eefea50bc014e7200da87f57a2ffc8a2')\">ma&#114;&#116;&#105;&#110;.b&#117;chw&#97;ld&#101;&#114;&#64;&#116;ri&#109;x.c&#104;<\/a><br><\/p>\n\n\n\n<figure class=\"wp-block-image size-large is-resized\"><img loading=\"lazy\" decoding=\"async\" width=\"1024\" height=\"683\" src=\"http:\/\/trimx.ch\/wp\/wp-content\/uploads\/2022\/02\/HUC-1024x683.jpg\" alt=\"Claudio\" class=\"wp-image-1834\" style=\"width:299px\"\/><\/figure>\n\n\n\n<p>Claudio Huder, CMAS I2-Instruktor, <a href=\"javascript:secureDecryptAndNavigate('FVw8yQe6xQAc\/4R0QyyWpjhbbBeP95WCPIGzvn6u7JbnNtI30O4ZVOMk+gb2cDdqKMgd\/4FO5KjAt2VTbCZbddltQiQMNh+LkHlgW1k=', '60e8fcb19ba528649ea7da3de71c0e43eefea50bc014e7200da87f57a2ffc8a2')\">cl&#97;u&#100;io&#46;&#104;uder&#64;tri&#109;&#120;.c&#104;<\/a><\/p>\n\n\n\n<p>&#8222;<em>Tauchen bedeutet f\u00fcr mich Erholung, Fun, Verantwortung aber auch Arbeit.<\/em><br><em>Und die einzige Arbeit, die auf Dauer wirklich lohnend ist, ist die Arbeit besser zu werden.<\/em>&#8222;<br><\/p>\n\n\n\n<figure class=\"wp-block-image size-large is-resized\"><img loading=\"lazy\" decoding=\"async\" width=\"1024\" height=\"683\" src=\"http:\/\/trimx.ch\/wp\/wp-content\/uploads\/2022\/02\/DOM-1024x683.jpg\" alt=\"Michele\" class=\"wp-image-1827\" style=\"width:300px\"\/><\/figure>\n\n\n\n<p>Michele Donnicola, CMAS I2-Instruktor, <a href=\"javascript:secureDecryptAndNavigate('TrpF+BorNTiLZKccxfAE0mIshsSp8aZF6zuks4AYxB3atol2TDX9upPmQ1UfdVyMGr9UvNc6W13Ximkh7exvL5TXVYqZQiZkbxYb\/pGUCPOg', '60e8fcb19ba528649ea7da3de71c0e43eefea50bc014e7200da87f57a2ffc8a2')\">mich&#101;&#108;&#101;&#46;d&#111;nnic&#111;la&#64;tr&#105;&#109;x.&#99;&#104;<\/a><\/p>\n\n\n\n<p><em>\u201eIn der  Unterwasserwelt kann ich mich wunderbar erholen und neue Energie tanken. Ich liebe die Abwechslung zwischen bewundern der Unterwasserwelt,  technischem Tauchen und Unterrichten.\u201c<\/em><\/p>\n\n\n\n<h2 class=\"wp-block-heading\" id=\"kurshelfer\">Kurshelfer<\/h2>\n\n\n\n<div class=\"wp-block-columns is-layout-flex wp-container-core-columns-is-layout-1 wp-block-columns-is-layout-flex\">\n<div class=\"wp-block-column is-layout-flow wp-block-column-is-layout-flow\" style=\"flex-basis:100%\">\n<figure class=\"wp-block-image size-large is-resized\"><img loading=\"lazy\" decoding=\"async\" width=\"1024\" height=\"683\" src=\"http:\/\/trimx.ch\/wp\/wp-content\/uploads\/2022\/02\/GIS-1024x683.jpg\" alt=\"\" class=\"wp-image-1899\" style=\"width:300px\" srcset=\"https:\/\/trimx.ch\/wp\/wp-content\/uploads\/2022\/02\/GIS-1024x683.jpg 1024w, https:\/\/trimx.ch\/wp\/wp-content\/uploads\/2022\/02\/GIS-300x200.jpg 300w, https:\/\/trimx.ch\/wp\/wp-content\/uploads\/2022\/02\/GIS-768x512.jpg 768w, https:\/\/trimx.ch\/wp\/wp-content\/uploads\/2022\/02\/GIS-1536x1024.jpg 1536w, https:\/\/trimx.ch\/wp\/wp-content\/uploads\/2022\/02\/GIS-2048x1365.jpg 2048w, https:\/\/trimx.ch\/wp\/wp-content\/uploads\/2022\/02\/GIS-920x613.jpg 920w, https:\/\/trimx.ch\/wp\/wp-content\/uploads\/2022\/02\/GIS-230x153.jpg 230w, https:\/\/trimx.ch\/wp\/wp-content\/uploads\/2022\/02\/GIS-350x233.jpg 350w, https:\/\/trimx.ch\/wp\/wp-content\/uploads\/2022\/02\/GIS-480x320.jpg 480w, https:\/\/trimx.ch\/wp\/wp-content\/uploads\/2022\/02\/GIS-272x182.jpg 272w\" sizes=\"auto, (max-width: 1024px) 100vw, 1024px\" \/><\/figure>\n<\/div>\n<\/div>\n\n\n\n<p>&#8222;<em>Unser geduldiger Helfer, \u00fcber und unter Wasser<\/em>&#8222;<\/p>\n\n\n\n<p>Gian, CMAS-I2 Instruktor<\/p>\n\n\n\n<h2 class=\"wp-block-heading\">Gr\u00fcndungs-\/Ehrenmitglied<\/h2>\n\n\n\n<figure class=\"wp-block-image size-large is-resized\"><img loading=\"lazy\" decoding=\"async\" width=\"1024\" height=\"682\" src=\"http:\/\/trimx.ch\/wp\/wp-content\/uploads\/2016\/02\/Urs-1024x682.jpg\" alt=\"\" class=\"wp-image-994\" style=\"width:300px\" srcset=\"https:\/\/trimx.ch\/wp\/wp-content\/uploads\/2016\/02\/Urs-1024x682.jpg 1024w, https:\/\/trimx.ch\/wp\/wp-content\/uploads\/2016\/02\/Urs-300x200.jpg 300w, https:\/\/trimx.ch\/wp\/wp-content\/uploads\/2016\/02\/Urs-768x512.jpg 768w, https:\/\/trimx.ch\/wp\/wp-content\/uploads\/2016\/02\/Urs-830x553.jpg 830w, https:\/\/trimx.ch\/wp\/wp-content\/uploads\/2016\/02\/Urs-230x153.jpg 230w, https:\/\/trimx.ch\/wp\/wp-content\/uploads\/2016\/02\/Urs-350x233.jpg 350w, https:\/\/trimx.ch\/wp\/wp-content\/uploads\/2016\/02\/Urs-480x320.jpg 480w, https:\/\/trimx.ch\/wp\/wp-content\/uploads\/2016\/02\/Urs-272x182.jpg 272w, https:\/\/trimx.ch\/wp\/wp-content\/uploads\/2016\/02\/Urs.jpg 1055w\" sizes=\"auto, (max-width: 1024px) 100vw, 1024px\" \/><\/figure>\n\n\n\n<p>Urs Cadruvi, CMAS-I4 Instruktor, <a href=\"javascript:secureDecryptAndNavigate('QdcejgDcC8e4MGJN9fxoQu0LZQa4Fj3QhR5017vDDkxSyqRji1iT5QJe9C6qpXGCYJFPdC0KWZjbwmhnWzcpz+JgJ0mr6J2Q33Mn', '60e8fcb19ba528649ea7da3de71c0e43eefea50bc014e7200da87f57a2ffc8a2')\">u&#114;s.c&#97;druv&#105;&#64;t&#114;i&#109;&#120;.&#99;h<\/a><\/p>\n\n\n\n<p><em>\u201eDie Art zu Tauchen ist eine Lebenshaltung. Das Verhalten Unterwasser ist Spiegel der Pers\u00f6nlichkeit. Wer f\u00e4hig ist, auf seinen Tauchpartner gleichstark zu achtet wie auf sich selbst und f\u00fcr diesen mitdenken kann, macht jeden Tauchgang zu einem einzigartigen\u00a0Erlebnis.\u201c<\/em><\/p>\n","protected":false},"excerpt":{"rendered":"<p>Martin Buchwalder, CMAS I4-Instruktor, &#109;a&#114;&#116;&#105;&#110;&#46;buc&#104;&#119;&#97;&#108;&#100;&#101;r&#64;t&#114;&#105;m&#120;&#46;&#99;h Claudio Huder, CMAS I2-Instruktor, c&#108;&#97;u&#100;i&#111;&#46;huder&#64;tr&#105;&#109;x&#46;&#99;&#104; &#8222;Tauchen bedeutet f\u00fcr mich Erholung, Fun, Verantwortung aber auch Arbeit.Und die einzige [&hellip;]<\/p>\n","protected":false},"author":3,"featured_media":0,"parent":0,"menu_order":0,"comment_status":"closed","ping_status":"closed","template":"","meta":{"footnotes":""},"class_list":["post-45","page","type-page","status-publish","hentry"],"_links":{"self":[{"href":"https:\/\/trimx.ch\/index.php?rest_route=\/wp\/v2\/pages\/45","targetHints":{"allow":["GET"]}}],"collection":[{"href":"https:\/\/trimx.ch\/index.php?rest_route=\/wp\/v2\/pages"}],"about":[{"href":"https:\/\/trimx.ch\/index.php?rest_route=\/wp\/v2\/types\/page"}],"author":[{"embeddable":true,"href":"https:\/\/trimx.ch\/index.php?rest_route=\/wp\/v2\/users\/3"}],"replies":[{"embeddable":true,"href":"https:\/\/trimx.ch\/index.php?rest_route=%2Fwp%2Fv2%2Fcomments&post=45"}],"version-history":[{"count":86,"href":"https:\/\/trimx.ch\/index.php?rest_route=\/wp\/v2\/pages\/45\/revisions"}],"predecessor-version":[{"id":1996,"href":"https:\/\/trimx.ch\/index.php?rest_route=\/wp\/v2\/pages\/45\/revisions\/1996"}],"wp:attachment":[{"href":"https:\/\/trimx.ch\/index.php?rest_route=%2Fwp%2Fv2%2Fmedia&parent=45"}],"curies":[{"name":"wp","href":"https:\/\/api.w.org\/{rel}","templated":true}]}}