{"id":59,"date":"2016-02-13T11:44:45","date_gmt":"2016-02-13T11:44:45","guid":{"rendered":"http:\/\/trimx.ch\/?page_id=59"},"modified":"2025-02-04T19:53:53","modified_gmt":"2025-02-04T19:53:53","slug":"ausbildung","status":"publish","type":"page","link":"https:\/\/trimx.ch\/?page_id=59","title":{"rendered":"Ausbildung"},"content":{"rendered":"\n<p>In unseren Ausbildungen arbeiten wir grunds\u00e4tzlich nach dem 1:1-Prinzip. D.h. ein Tauchlehrer pro Sch\u00fcler. Wo n\u00f6tig und sinnvoll, arbeiten wir mit Videoanalysen, um den individuellen Lernerfolg optimal zu unterst\u00fctzen. Alle Fertigkeiten werden auf der jeweils zugelassenen Tauchtiefe ge\u00fcbt bis sie beherrscht werden. <\/p>\n\n\n\n<p>Wir bieten ausschliesslich Ausbildungen nach CMAS Schweiz an. CMAS (Conf\u00e9d\u00e9ration Mondiale des Activit\u00e9s Subaquatiques) wurde 1959 gegr\u00fcndet und\u00a0ist ein internationaler Tauchsportverband. Die hohe Qualit\u00e4t von CMAS ist\u00a0weltweit bekannt. Deshalb geniessen CMAS-Brevets auf der ganzen Welt grosse Anerkennung.<\/p>\n\n\n\n<p><a rel=\"noreferrer noopener\" href=\"https:\/\/www.cmas.ch\/de\/tauchen-lernen\/index.php\" data-type=\"URL\" data-id=\"https:\/\/www.cmas.ch\/de\/tauchen-lernen\/index.php\" target=\"_blank\"><strong>Hier<\/strong><\/a> findest du die Kursbeschreibungen. Bei Interesse sprich uns an.<\/p>\n\n\n\n<figure class=\"wp-block-image size-full\"><img loading=\"lazy\" decoding=\"async\" width=\"600\" height=\"338\" src=\"https:\/\/trimx.ch\/wp\/wp-content\/uploads\/2025\/02\/HUC.jpg\" alt=\"\" class=\"wp-image-1992\" srcset=\"https:\/\/trimx.ch\/wp\/wp-content\/uploads\/2025\/02\/HUC.jpg 600w, https:\/\/trimx.ch\/wp\/wp-content\/uploads\/2025\/02\/HUC-300x169.jpg 300w, https:\/\/trimx.ch\/wp\/wp-content\/uploads\/2025\/02\/HUC-230x130.jpg 230w, https:\/\/trimx.ch\/wp\/wp-content\/uploads\/2025\/02\/HUC-350x197.jpg 350w, https:\/\/trimx.ch\/wp\/wp-content\/uploads\/2025\/02\/HUC-480x270.jpg 480w\" sizes=\"auto, (max-width: 600px) 100vw, 600px\" \/><\/figure>\n\n\n\n<p><\/p>\n","protected":false},"excerpt":{"rendered":"<p>In unseren Ausbildungen arbeiten wir grunds\u00e4tzlich nach dem 1:1-Prinzip. D.h. ein Tauchlehrer pro Sch\u00fcler. Wo n\u00f6tig und sinnvoll, arbeiten wir mit Videoanalysen, [&hellip;]<\/p>\n","protected":false},"author":2,"featured_media":1514,"parent":0,"menu_order":0,"comment_status":"closed","ping_status":"closed","template":"","meta":{"footnotes":""},"class_list":["post-59","page","type-page","status-publish","has-post-thumbnail","hentry"],"_links":{"self":[{"href":"https:\/\/trimx.ch\/index.php?rest_route=\/wp\/v2\/pages\/59","targetHints":{"allow":["GET"]}}],"collection":[{"href":"https:\/\/trimx.ch\/index.php?rest_route=\/wp\/v2\/pages"}],"about":[{"href":"https:\/\/trimx.ch\/index.php?rest_route=\/wp\/v2\/types\/page"}],"author":[{"embeddable":true,"href":"https:\/\/trimx.ch\/index.php?rest_route=\/wp\/v2\/users\/2"}],"replies":[{"embeddable":true,"href":"https:\/\/trimx.ch\/index.php?rest_route=%2Fwp%2Fv2%2Fcomments&post=59"}],"version-history":[{"count":60,"href":"https:\/\/trimx.ch\/index.php?rest_route=\/wp\/v2\/pages\/59\/revisions"}],"predecessor-version":[{"id":1993,"href":"https:\/\/trimx.ch\/index.php?rest_route=\/wp\/v2\/pages\/59\/revisions\/1993"}],"wp:featuredmedia":[{"embeddable":true,"href":"https:\/\/trimx.ch\/index.php?rest_route=\/wp\/v2\/media\/1514"}],"wp:attachment":[{"href":"https:\/\/trimx.ch\/index.php?rest_route=%2Fwp%2Fv2%2Fmedia&parent=59"}],"curies":[{"name":"wp","href":"https:\/\/api.w.org\/{rel}","templated":true}]}}